{"id":3028,"date":"2021-12-18T12:43:00","date_gmt":"2021-12-18T09:43:00","guid":{"rendered":"https:\/\/grandmiramor.com.tr\/?page_id=3028"},"modified":"2024-11-29T11:18:57","modified_gmt":"2024-11-29T08:18:57","slug":"miramor-hotel","status":"publish","type":"page","link":"https:\/\/grandmiramor.com.tr\/de\/miramor-hotel\/","title":{"rendered":"Miramor Hotel"},"content":{"rendered":"\t\t<div data-elementor-type=\"wp-page\" data-elementor-id=\"3028\" class=\"elementor elementor-3028\" data-elementor-settings=\"{&quot;ha_cmc_init_switcher&quot;:&quot;no&quot;}\" data-elementor-post-type=\"page\">\n\t\t\t\t\t\t<section class=\"elementor-section elementor-top-section elementor-element elementor-element-fef115e elementor-section-full_width elementor-section-height-default elementor-section-height-default\" data-id=\"fef115e\" data-element_type=\"section\" data-settings=\"{&quot;_ha_eqh_enable&quot;:false}\">\n\t\t\t\t\t\t<div class=\"elementor-container elementor-column-gap-no\">\n\t\t\t\t\t<div class=\"elementor-column elementor-col-100 elementor-top-column elementor-element elementor-element-b40edfc\" data-id=\"b40edfc\" data-element_type=\"column\">\n\t\t\t<div class=\"elementor-widget-wrap elementor-element-populated\">\n\t\t\t\t\t\t<div class=\"elementor-element elementor-element-e259b55 elementor-widget elementor-widget-wpo-parador_about\" data-id=\"e259b55\" data-element_type=\"widget\" data-settings=\"{&quot;about_image&quot;:{&quot;url&quot;:&quot;https:\\\/\\\/grandmiramor.com.tr\\\/wp-content\\\/uploads\\\/2024\\\/10\\\/mmm-Kopyala.webp&quot;,&quot;id&quot;:1783,&quot;size&quot;:&quot;&quot;,&quot;alt&quot;:&quot;&quot;,&quot;source&quot;:&quot;library&quot;}}\" data-widget_type=\"wpo-parador_about.default\">\n\t\t\t\t<div class=\"elementor-widget-container\">\n\t\t\t\t\t\t\t<div class=\"parador-about wpo-about-section\">\n\t\t\t<div class=\" container\">\n\t\t\t\t<div class=\"wpo-about-section-wrapper\">\n\t\t\t\t\t<div class=\"row align-items-center\">\n\t\t\t\t\t\t\t\t\t\t\t\t\t<div class=\"col-lg-6 col-md-12 col-12\">\n\t\t\t\t\t\t\t\t<div class=\"wpo-about-img\">\n\t\t\t\t\t\t\t\t\t<img decoding=\"async\" src=\"https:\/\/grandmiramor.com.tr\/wp-content\/uploads\/2024\/10\/mmm-Kopyala.webp\" alt=\"\">\t\t\t\t\t\t\t\t<\/div>\n\t\t\t\t\t\t\t<\/div>\n\t\t\t\t\t\t\t\t\t\t\t\t<div class=\" col-lg-6 col-md-12 col-12\">\n\t\t\t\t\t\t\t<div class=\"wpo-about-content\">\n\t\t\t\t\t\t\t\t<div class=\"about-title\">\n\t\t\t\t\t\t\t\t\t<h2>Ihr Traumurlaub...<\/h2>\t\t\t\t\t\t\t\t<\/div>\n\t\t\t\t\t\t\t\t<div class=\"wpo-about-content-inner\">\n\t\t\t\t\t\t\t\t\t<p>Das Miramor Hotel&amp;Spa hat eine beneidenswerte Lage mitten in der Natur. Die Anlage liegt in Kemer-Kiri\u015f am Golf von Antalya, 250\u2013300 m von ihrem herrlichen Privatstrand entfernt und bietet einen herrlichen Blick auf das tiefblaue Mittelmeer. Die Unterkunft bietet Ultra-All-Inclusive-Service am Rande des Olympos-Nationalparks, der Heimat des Olympos-Gebirges, und blickt auch auf das Taurus-Gebirge. Umfangreiches Unterhaltungsangebot; Es ist diese eindrucksvolle Kulisse, die die Anlage inspirierte.<\/p><p>Miramor Hotel&amp;Spa, 2 Au\u00dfenpools, 1 Innenpool, 2 Kinderbecken, 1 Wasserrutsche, Patisserie (Cafe de Padre), Nachtclub, Fitnessstudio, 7 verschiedene Bars, A'la Carte Restaurant, t\u00e4glich verschiedene Animationen und Programme Der Miramor Kids Club ist nur einige der Aktivit\u00e4ten, an denen kleine G\u00e4ste des Miramor Hotels teilnehmen k\u00f6nnen.<\/p><p>Das Miramor Hotel &amp; Spa liegt im Zentrum historischer, kultureller und nat\u00fcrlicher Sch\u00f6nheiten und erm\u00f6glicht seinen G\u00e4sten, diese Sch\u00f6nheiten zu erleben, ohne weit reisen zu m\u00fcssen. Authentische t\u00fcrkische Gastfreundschaft, ein erstklassiges Unterhaltungsprogramm und eine kulinarische Reise vereinen sich zu diesem m\u00fchelos luxuri\u00f6sen Resort.<\/p>\t\t\t\t\t\t\t\t\t\t<div class=\"about-info-wrap\">\n\t\t\t\t\t\t\t\t\t\t\t<div class=\"about-info-left\">\n\t\t\t\t\t\t\t\t\t\t\t\t<p>M\u00fc\u015fteri Memnuniyeti :<\/p>\t\t\t\t\t\t\t\t\t\t\t\t<ul>\n\t\t\t\t\t\t\t\t\t\t\t\t\t\t\t\t\t\t\t\t\t\t\t\t\t\t\t<li><i class=\"fa fa-star\" aria-hidden=\"true\"><\/i><\/li>\n\t\t\t\t\t\t\t\t\t\t\t\t\t\t<li><i class=\"fa fa-star\" aria-hidden=\"true\"><\/i><\/li>\n\t\t\t\t\t\t\t\t\t\t\t\t\t\t<li><i class=\"fa fa-star\" aria-hidden=\"true\"><\/i><\/li>\n\t\t\t\t\t\t\t\t\t\t\t\t\t\t<li><i class=\"fa fa-star\" aria-hidden=\"true\"><\/i><\/li>\n\t\t\t\t\t\t\t\t\t\t\t\t\t\t<li><i class=\"fa fa-star\" aria-hidden=\"true\"><\/i><\/li>\n\t\t\t\t\t\t\t\t\t\t\t\t\t\t\t\t\t\t\t\t\t\t\t\t\t<\/ul>\n\t\t\t\t\t\t\t\t\t\t\t<\/div>\n\t\t\t\t\t\t\t\t\t\t\t<div class=\"about-info-right\">\n\t\t\t\t\t\t\t\t\t\t\t\t\t\t\t\t\t\t\t\t\t\t\t<\/div>\n\t\t\t\t\t\t\t\t\t\t\t\t\t\t\t\t\t\t\t\t\t<\/div>\n\t\t\t\t\t\t\t\t\t\t\t\t\t\t\t\t\t<\/div>\n\t\t\t\t\t\t\t<\/div>\n\t\t\t\t\t\t<\/div>\n\t\t\t\t\t<\/div>\n\t\t\t\t<\/div>\n\t\t\t<\/div>\n\t\t<\/div>\n\t\t\t\t<\/div>\n\t\t\t\t<\/div>\n\t\t\t\t\t<\/div>\n\t\t<\/div>\n\t\t\t\t\t<\/div>\n\t\t<\/section>\n\t\t\t\t<\/div>\n\t\t","protected":false},"excerpt":{"rendered":"Ihr Traumurlaub&#8230; Das Miramor Hotel&amp;Spa hat eine beneidenswerte Lage mitten in der Natur. Die Anlage liegt in Kemer-Kiri\u015f am Golf von Antalya, 250\u2013300 m von ihrem herrlichen Privatstrand entfernt und bietet einen herrlichen Blick auf das tiefblaue Mittelmeer. Die Unterkunft bietet Ultra-All-Inclusive-Service am Rande des Olympos-Nationalparks, der Heimat des Olympos-Gebirges, und blickt auch auf das ","protected":false},"author":1,"featured_media":0,"parent":0,"menu_order":0,"comment_status":"closed","ping_status":"closed","template":"elementor_header_footer","meta":{"footnotes":""},"class_list":["post-3028","page","type-page","status-publish","hentry"],"_links":{"self":[{"href":"https:\/\/grandmiramor.com.tr\/de\/wp-json\/wp\/v2\/pages\/3028","targetHints":{"allow":["GET"]}}],"collection":[{"href":"https:\/\/grandmiramor.com.tr\/de\/wp-json\/wp\/v2\/pages"}],"about":[{"href":"https:\/\/grandmiramor.com.tr\/de\/wp-json\/wp\/v2\/types\/page"}],"author":[{"embeddable":true,"href":"https:\/\/grandmiramor.com.tr\/de\/wp-json\/wp\/v2\/users\/1"}],"replies":[{"embeddable":true,"href":"https:\/\/grandmiramor.com.tr\/de\/wp-json\/wp\/v2\/comments?post=3028"}],"version-history":[{"count":4,"href":"https:\/\/grandmiramor.com.tr\/de\/wp-json\/wp\/v2\/pages\/3028\/revisions"}],"predecessor-version":[{"id":3076,"href":"https:\/\/grandmiramor.com.tr\/de\/wp-json\/wp\/v2\/pages\/3028\/revisions\/3076"}],"wp:attachment":[{"href":"https:\/\/grandmiramor.com.tr\/de\/wp-json\/wp\/v2\/media?parent=3028"}],"curies":[{"name":"wp","href":"https:\/\/api.w.org\/{rel}","templated":true}]}}