{"id":3052,"date":"2024-10-29T12:01:12","date_gmt":"2024-10-29T09:01:12","guid":{"rendered":"https:\/\/grandmiramor.com.tr\/?page_id=3052"},"modified":"2025-04-17T09:49:01","modified_gmt":"2025-04-17T06:49:01","slug":"hizmetler","status":"publish","type":"page","link":"https:\/\/grandmiramor.com.tr\/de\/hizmetler\/","title":{"rendered":"Dienstleistungen"},"content":{"rendered":"\t\t<div data-elementor-type=\"wp-page\" data-elementor-id=\"3052\" class=\"elementor elementor-3052\" data-elementor-settings=\"{&quot;ha_cmc_init_switcher&quot;:&quot;no&quot;}\" data-elementor-post-type=\"page\">\n\t\t\t\t\t\t<section class=\"elementor-section elementor-top-section elementor-element elementor-element-fef115e elementor-section-full_width elementor-section-height-default elementor-section-height-default\" data-id=\"fef115e\" data-element_type=\"section\" data-settings=\"{&quot;_ha_eqh_enable&quot;:false}\">\n\t\t\t\t\t\t<div class=\"elementor-container elementor-column-gap-no\">\n\t\t\t\t\t<div class=\"elementor-column elementor-col-100 elementor-top-column elementor-element elementor-element-b40edfc\" data-id=\"b40edfc\" data-element_type=\"column\">\n\t\t\t<div class=\"elementor-widget-wrap elementor-element-populated\">\n\t\t\t\t\t\t<div class=\"elementor-element elementor-element-e259b55 elementor-widget elementor-widget-wpo-parador_about\" data-id=\"e259b55\" data-element_type=\"widget\" data-settings=\"{&quot;about_image&quot;:{&quot;url&quot;:&quot;https:\\\/\\\/grandmiramor.com.tr\\\/wp-content\\\/uploads\\\/2024\\\/10\\\/427348283-Kopyala.webp&quot;,&quot;id&quot;:1530,&quot;size&quot;:&quot;&quot;,&quot;alt&quot;:&quot;&quot;,&quot;source&quot;:&quot;library&quot;}}\" data-widget_type=\"wpo-parador_about.default\">\n\t\t\t\t<div class=\"elementor-widget-container\">\n\t\t\t\t\t\t\t<div class=\"parador-about wpo-about-section\">\n\t\t\t<div class=\" container\">\n\t\t\t\t<div class=\"wpo-about-section-wrapper\">\n\t\t\t\t\t<div class=\"row align-items-center\">\n\t\t\t\t\t\t\t\t\t\t\t\t\t<div class=\"col-lg-6 col-md-12 col-12\">\n\t\t\t\t\t\t\t\t<div class=\"wpo-about-img\">\n\t\t\t\t\t\t\t\t\t<img decoding=\"async\" src=\"https:\/\/grandmiramor.com.tr\/wp-content\/uploads\/2024\/10\/427348283-Kopyala.webp\" alt=\"\">\t\t\t\t\t\t\t\t<\/div>\n\t\t\t\t\t\t\t<\/div>\n\t\t\t\t\t\t\t\t\t\t\t\t<div class=\" col-lg-6 col-md-12 col-12\">\n\t\t\t\t\t\t\t<div class=\"wpo-about-content\">\n\t\t\t\t\t\t\t\t<div class=\"about-title\">\n\t\t\t\t\t\t\t\t\t<span>Grand Miramor Hotel<\/span><h2>Alles ist f\u00fcr Sie bereit.<\/h2>\t\t\t\t\t\t\t\t<\/div>\n\t\t\t\t\t\t\t\t<div class=\"wpo-about-content-inner\">\n\t\t\t\t\t\t\t\t\t<p>Das Miramor Hotel &amp; Spa liegt im Zentrum historischer, kultureller und nat\u00fcrlicher Sch\u00f6nheiten und erm\u00f6glicht seinen G\u00e4sten, diese Sch\u00f6nheiten zu erleben, ohne weit reisen zu m\u00fcssen. Authentische t\u00fcrkische Gastfreundschaft, ein erstklassiges Unterhaltungsprogramm und eine kulinarische Reise vereinen sich zu diesem m\u00fchelos luxuri\u00f6sen Resort.<\/p>\t\t\t\t\t\t\t\t\t\t<div class=\"about-info-wrap\">\n\t\t\t\t\t\t\t\t\t\t\t<div class=\"about-info-left\">\n\t\t\t\t\t\t\t\t\t\t\t\t\t\t\t\t\t\t\t\t\t\t\t\t<ul>\n\t\t\t\t\t\t\t\t\t\t\t\t\t\t\t\t\t\t\t\t\t\t\t\t\t\t\t<li><i class=\"fa fa-star\" aria-hidden=\"true\"><\/i><\/li>\n\t\t\t\t\t\t\t\t\t\t\t\t\t\t<li><i class=\"fa fa-star\" aria-hidden=\"true\"><\/i><\/li>\n\t\t\t\t\t\t\t\t\t\t\t\t\t\t<li><i class=\"fa fa-star\" aria-hidden=\"true\"><\/i><\/li>\n\t\t\t\t\t\t\t\t\t\t\t\t\t\t<li><i class=\"fa fa-star\" aria-hidden=\"true\"><\/i><\/li>\n\t\t\t\t\t\t\t\t\t\t\t\t\t\t<li><span><i class=\"fa fa-star\" aria-hidden=\"true\"><\/i><\/span><\/li>\n\t\t\t\t\t\t\t\t\t\t\t\t\t\t\t\t\t\t\t\t\t\t\t\t\t<\/ul>\n\t\t\t\t\t\t\t\t\t\t\t<\/div>\n\t\t\t\t\t\t\t\t\t\t\t<div class=\"about-info-right\">\n\t\t\t\t\t\t\t\t\t\t\t\t\t\t\t\t\t\t\t\t\t\t\t<\/div>\n\t\t\t\t\t\t\t\t\t\t\t\t\t\t\t\t\t\t\t\t\t<\/div>\n\t\t\t\t\t\t\t\t\t\t\t\t\t\t\t\t\t<\/div>\n\t\t\t\t\t\t\t<\/div>\n\t\t\t\t\t\t<\/div>\n\t\t\t\t\t<\/div>\n\t\t\t\t<\/div>\n\t\t\t<\/div>\n\t\t<\/div>\n\t\t\t\t<\/div>\n\t\t\t\t<\/div>\n\t\t\t\t\t<\/div>\n\t\t<\/div>\n\t\t\t\t\t<\/div>\n\t\t<\/section>\n\t\t<div class=\"elementor-element elementor-element-e2e9c26 e-flex e-con-boxed e-con e-parent\" data-id=\"e2e9c26\" data-element_type=\"container\" data-settings=\"{&quot;_ha_eqh_enable&quot;:false}\">\n\t\t\t\t\t<div class=\"e-con-inner\">\n\t\t\t\t<div class=\"elementor-element elementor-element-8a8ebb0 elementor-headline--style-highlight elementor-widget elementor-widget-animated-headline\" data-id=\"8a8ebb0\" data-element_type=\"widget\" data-settings=\"{&quot;highlighted_text&quot;:&quot;Unser Konzept&quot;,&quot;headline_style&quot;:&quot;highlight&quot;,&quot;marker&quot;:&quot;circle&quot;,&quot;loop&quot;:&quot;yes&quot;,&quot;highlight_animation_duration&quot;:1200,&quot;highlight_iteration_delay&quot;:8000}\" data-widget_type=\"animated-headline.default\">\n\t\t\t\t<div class=\"elementor-widget-container\">\n\t\t\t\t\t\t\t<h3 class=\"elementor-headline\">\n\t\t\t\t\t<span class=\"elementor-headline-plain-text elementor-headline-text-wrapper\">Miramor Hotel<\/span>\n\t\t\t\t<span class=\"elementor-headline-dynamic-wrapper elementor-headline-text-wrapper\">\n\t\t\t\t\t<span class=\"elementor-headline-dynamic-text elementor-headline-text-active\">Unser Konzept<\/span>\n\t\t\t\t<\/span>\n\t\t\t\t\t<span class=\"elementor-headline-plain-text elementor-headline-text-wrapper\"><br>Ultra All Inclusive<\/span>\n\t\t\t\t\t<\/h3>\n\t\t\t\t\t\t<\/div>\n\t\t\t\t<\/div>\n\t\t\t\t\t<\/div>\n\t\t\t\t<\/div>\n\t\t<div class=\"elementor-element elementor-element-cf83d8c e-flex e-con-boxed e-con e-parent\" data-id=\"cf83d8c\" data-element_type=\"container\" data-settings=\"{&quot;_ha_eqh_enable&quot;:false}\">\n\t\t\t\t\t<div class=\"e-con-inner\">\n\t\t\t\t<div class=\"elementor-element elementor-element-e8ba2cf elementor-widget elementor-widget-text-editor\" data-id=\"e8ba2cf\" data-element_type=\"widget\" data-widget_type=\"text-editor.default\">\n\t\t\t\t<div class=\"elementor-widget-container\">\n\t\t\t\t\t\t\t\t\t<div class=\"lh-15\"><p>ULTRA-ALL-INCLUSIVE-KONZEPT<br \/>\u2022 Fr\u00fchst\u00fcck: 07:30 &#8211; 10:00 Uhr Hauptrestaurant<br \/>\u2022 Sp\u00e4tes Fr\u00fchst\u00fcck: 10:00 &#8211; 10:30 Uhr im Hauptrestaurant<br \/>\u2022 Mittagessen: 12:30 &#8211; 14:00 Uhr, Hauptrestaurant<br \/>\u2022 Konditorei: 12:00 \u2013 17:30 Uhr Caf\u00e9 De Padre<br \/>\u2022 Eis: 12:00 \u2013 17:30 Uhr Caf\u00e9 De Padre<br \/>\u2022 G\u00f6zleme: 11:00 \u2013 16:00 Uhr Caf\u00e9 De Padre<br \/>\u2022 Snackservice: 14:00 &#8211; 17:00 Uhr Terrassen-Snackrestaurant<br \/>\u2022 Strandsnack: 11:00 &#8211; 16:00 Uhr, Strandcaf\u00e9-Bar<br \/>\u2022 Abendessen: 19:00 &#8211; 21:00 Uhr im Hauptrestaurant<br \/>\u2022 Nachtsuppe: 23:30 \u2013 01:30 Uhr Caf\u00e9 De Padre<br \/>Zum Mittag- und Abendessen wird ein Kinder- und Di\u00e4tbuffet angeboten.<br \/>Die Arbeitszeiten k\u00f6nnen sich aufgrund der Covid-19-Richtlinien, der Wetterbedingungen sowie der Hoch- und Nebensaison \u00e4ndern.<\/p><p>RESTAURANTS &amp; BARS<br \/>\u2022 Hauptrestaurant: W\u00e4hrend der Essenszeiten<br \/>\u2022 Mir&#8217;Amor A&#8217;La Carte: 19:00 \u2013 21:00 Uhr. Kostenpflichtig<br \/>\u2022 Service-Bar: W\u00e4hrend der Essenszeiten<br \/>\u2022 Sultan Bar: 10:00 \u2013 23:00 Uhr<br \/>\u2022 Lobbybar: 20:00 \u2013 23:00 Uhr (Tee, Kaffee und konzentrierte Fruchts\u00e4fte werden von 23:00 bis 05:00 Uhr serviert.)<br \/>\u2022 Caf\u00e9 De Padre: 12:00 \u2013 17:30 \/ 23:30 \u2013 01:30<br \/>\u2022 Amerikanische Bar: 21:00 \u2013 23:00<br \/>\u2022 Terrassen-Karaoke-Restaurant &amp; Bar: 19:00 \u2013 22:00<br \/>\u2022 Strandbar: 10:00 \u2013 18:00<br \/>\u2022 Stranddisco &amp; Nachtclub: 23:00\u201302:00 Uhr (Eintritt frei, Getr\u00e4nke und Speisen sind kostenpflichtig.)<\/p><p><br \/>ULTRA-ALL-INCLUSIVE-GETR\u00c4NKE:<br \/>GRATIS: Fassbier, Raki, Gin, Wodka, Whisky, Tequila, Rum, Campari, Martini, Baileys, Rotwein, Wei\u00dfwein, Ros\u00e9wein, lokale Lik\u00f6re, alkoholische und alkoholfreie Cocktails, Wasser, Cola, Fanta, Sprite, Mineralwasser, konzentrierte Fruchts\u00e4fte, Eistee, Ayran, Tonic, Tee, Fr\u00fcchtetees, Kaffee, t\u00fcrkischer Kaffee, Filterkaffee, Bohnenkaffee.<br \/>BEZAHLT: Alle Flaschengetr\u00e4nke, importierte Lik\u00f6re, importierte Spirituosen, importierte Biere,<br \/>Service Bar Kostenlos: Fassbier, Rotwein, Wei\u00dfwein, Ros\u00e9wein, Wasser, Cola, Fanta, Sprite, Mineralwasser, konzentrierte Fruchts\u00e4fte, Eistee, Tee, Fr\u00fcchtetees, Kaffee.<br \/>Sultan Bar (kostenlos): Fassbier, Raki, Gin, Wodka, Whisky, Tequila, Rum, Campari, Martini, Baileys, Rotwein, Wei\u00dfwein, Ros\u00e9wein, lokale Lik\u00f6re, alkoholische und alkoholfreie Cocktails, Wasser, Cola, Fanta, Sprite, Mineralwasser, konzentrierte Fruchts\u00e4fte, Eistee, Ayran, Tonic, Tee, Fr\u00fcchtetees, Kaffee, t\u00fcrkischer Kaffee, Filterkaffee.<br \/>Oba Bar Free: Fassbier, Raki, Gin, Wodka, Whisky, Tequila, Rum, Bitter, Wermut, Sahnelik\u00f6r, Rotwein, Wei\u00dfwein, Ros\u00e9wein, lokale Lik\u00f6re, alkoholische und alkoholfreie Cocktails, Wasser, Cola, Fanta, Sprite, Mineralwasser, konzentrierte Fruchts\u00e4fte, Eistee, Ayran, Tonic, Tee, Fr\u00fcchtetees, Nescafe<br \/>Kostenlos im Karaoke Bar-Restaurant: Fassbier, Rotwein, Wei\u00dfwein, Ros\u00e9wein, Wasser, Cola, Fanta, Sprite, Mineralwasser, konzentrierte Fruchts\u00e4fte, Tee, Fr\u00fcchtetees, Eistee,<br \/>Lobby Bar, kostenlos: Fassbier, Raki, Gin, Wodka, Whisky, Tequila, Rum, Campari, Martini, Baileys, Rotwein, Wei\u00dfwein, Ros\u00e9wein, lokale Lik\u00f6re, alkoholische und alkoholfreie Cocktails, Wasser, Cola, Fanta, Sprite, Mineralwasser, konzentrierte Fruchts\u00e4fte, Eistee, Ayran, Tonic, Tee, Fr\u00fcchtetees, Nescaf\u00e9, t\u00fcrkischer Kaffee, Filterkaffee.<br \/>American Bar Kostenlos: Fassbier, Raki, Gin, Wodka, Whisky, Tequila, Rum, Campari, Martini, Baileys, Rotwein, Wei\u00dfwein, Ros\u00e9wein, lokale Lik\u00f6re, alkoholische und alkoholfreie Cocktails, Wasser, Cola, Fanta, Sprite, Mineralwasser, konzentrierte Fruchts\u00e4fte, Eistee, Ayran, Tonic, Tee, Fr\u00fcchtetees, Nescafe, t\u00fcrkischer Kaffee<br \/>Strandbar Kostenlos: Fassbier Fassbier, Gin, Wodka, Whisky, Tequila, Rum, Raki, Rotwein, Wei\u00dfwein, Ros\u00e9wein, lokale Lik\u00f6re, Cocktails, Wasser, Cola, Fanta, Sprite, konzentrierte Fruchts\u00e4fte, Tonic, Tee, Fr\u00fcchtetees, Nescafe, Eistee<br \/>SPA-ZENTRUM:<br \/>T\u00fcrkisches Bad, Sauna, Fitness,<br \/>Gegen Geb\u00fchr: Gesichtsmaske, Massage, Peeling, Schaummassage, Thai-Massage, \u00d6lmassage.<br \/>Strand und Pool kostenlos: Sonnenliege, Kissen, Sonnenschirm, Strand- und Poolhandtuch, Rutsche.<br \/>Weitere kostenlose Aktivit\u00e4ten: Safe im Zimmer, Tischtennis, Aerobic, Darts, Billard, Miniclub, WLAN<br \/>Kostenpflichtig: Flughafen-Shuttle, Busbahnhof-Shuttle, W\u00e4scherei, Telefon, Fax, Ledergesch\u00e4ft, Markt- und Geschenkeladen, Autovermietung.<br \/>Animationsprogramm: Live-Musik, Showgruppen, Akrobatenshow, gro\u00dfe Party, Schaumparty, DJ-Auftritt, Miss Miramor 2025, Strand und Strandspiele.<br \/>Das Hotel beh\u00e4lt sich das Recht vor, je nach Wetter- und Marktlage notwendige \u00c4nderungen im Servicekonzept vorzunehmen.<\/p><\/div>\t\t\t\t\t\t\t\t<\/div>\n\t\t\t\t<\/div>\n\t\t\t\t\t<\/div>\n\t\t\t\t<\/div>\n\t\t\t\t<\/div>\n\t\t","protected":false},"excerpt":{"rendered":"Grand Miramor Hotel Alles ist f\u00fcr Sie bereit. Das Miramor Hotel &amp; Spa liegt im Zentrum historischer, kultureller und nat\u00fcrlicher Sch\u00f6nheiten und erm\u00f6glicht seinen G\u00e4sten, diese Sch\u00f6nheiten zu erleben, ohne weit reisen zu m\u00fcssen. Authentische t\u00fcrkische Gastfreundschaft, ein erstklassiges Unterhaltungsprogramm und eine kulinarische Reise vereinen sich zu diesem m\u00fchelos luxuri\u00f6sen Resort. Miramor Hotel Unser Konzept ","protected":false},"author":1,"featured_media":0,"parent":0,"menu_order":0,"comment_status":"closed","ping_status":"closed","template":"elementor_header_footer","meta":{"footnotes":""},"class_list":["post-3052","page","type-page","status-publish","hentry"],"_links":{"self":[{"href":"https:\/\/grandmiramor.com.tr\/de\/wp-json\/wp\/v2\/pages\/3052","targetHints":{"allow":["GET"]}}],"collection":[{"href":"https:\/\/grandmiramor.com.tr\/de\/wp-json\/wp\/v2\/pages"}],"about":[{"href":"https:\/\/grandmiramor.com.tr\/de\/wp-json\/wp\/v2\/types\/page"}],"author":[{"embeddable":true,"href":"https:\/\/grandmiramor.com.tr\/de\/wp-json\/wp\/v2\/users\/1"}],"replies":[{"embeddable":true,"href":"https:\/\/grandmiramor.com.tr\/de\/wp-json\/wp\/v2\/comments?post=3052"}],"version-history":[{"count":8,"href":"https:\/\/grandmiramor.com.tr\/de\/wp-json\/wp\/v2\/pages\/3052\/revisions"}],"predecessor-version":[{"id":3302,"href":"https:\/\/grandmiramor.com.tr\/de\/wp-json\/wp\/v2\/pages\/3052\/revisions\/3302"}],"wp:attachment":[{"href":"https:\/\/grandmiramor.com.tr\/de\/wp-json\/wp\/v2\/media?parent=3052"}],"curies":[{"name":"wp","href":"https:\/\/api.w.org\/{rel}","templated":true}]}}